{"id":29934,"date":"2026-02-26T06:17:11","date_gmt":"2026-02-26T06:17:11","guid":{"rendered":"https:\/\/dealpointxyz.com\/?post_type=product&#038;p=29934"},"modified":"2026-03-07T03:02:58","modified_gmt":"2026-03-07T03:02:58","slug":"diamond-texture-gypsum-vase","status":"publish","type":"product","link":"https:\/\/dealpointxyz.store\/?product=diamond-texture-gypsum-vase","title":{"rendered":"Diamond Texture Gypsum Vase"},"content":{"rendered":"<p data-start=\"945\" data-end=\"1117\">\u098f\u0987 <strong data-start=\"948\" data-end=\"986\">Gypsum Diamond Texture Flower Vase<\/strong> \u09a4\u09c8\u09b0\u09bf \u0995\u09b0\u09be \u09b9\u09df\u09c7\u099b\u09c7 premium quality gypsum \u09a6\u09bf\u09df\u09c7\u0964<br data-start=\"1030\" data-end=\"1033\" \/>\u098f\u09b0 diamond-pattern texture \u09ad\u09c7\u09b8\u099f\u09bf\u0995\u09c7 \u09a6\u09c7\u09df \u098f\u0995\u099f\u09bf <strong data-start=\"1077\" data-end=\"1116\">unique, elegant &amp; contemporary feel<\/strong>\u0964<\/p>\n<p data-start=\"1119\" data-end=\"1284\">Fresh flower, artificial flower \u0995\u09bf\u0982\u09ac\u09be dried flower\u2014\u09b8\u09ac \u09a7\u09b0\u09a8\u09c7\u09b0 \u09ab\u09c1\u09b2\u09c7\u09b0 \u099c\u09a8\u09cd\u09af \u0989\u09aa\u09af\u09cb\u0997\u09c0\u0964<br data-start=\"1197\" data-end=\"1200\" \/>\u0986\u09ac\u09be\u09b0 \u099a\u09be\u0987\u09b2\u09c7 <strong data-start=\"1211\" data-end=\"1229\">without flower<\/strong> \u09b6\u09c1\u09a7\u09c1\u0987 \u098f\u0995\u099f\u09bf decorative accent \u09b9\u09bf\u09b8\u09c7\u09ac\u09c7\u0993 \u09ac\u09cd\u09af\u09ac\u09b9\u09be\u09b0 \u0995\u09b0\u09be \u09af\u09be\u09ac\u09c7\u0964<\/p>\n<p data-start=\"1286\" data-end=\"1379\">Home d\u00e9cor, office d\u00e9cor, caf\u00e9 styling \u0995\u09bf\u0982\u09ac\u09be gift purpose\u2014\u09b8\u09ac \u0995\u09cd\u09b7\u09c7\u09a4\u09cd\u09b0\u09c7\u0987 \u098f\u099f\u09bf \u098f\u0995\u099f\u09bf smart choice\u0964<\/p>\n<hr data-start=\"1381\" data-end=\"1384\" \/>\n<ul data-start=\"1403\" data-end=\"1637\">\n<li data-start=\"1403\" data-end=\"1444\">\n<p data-start=\"1405\" data-end=\"1444\">Made from premium <strong data-start=\"1423\" data-end=\"1442\">Gypsum material<\/strong><\/p>\n<\/li>\n<li data-start=\"1445\" data-end=\"1483\">\n<p data-start=\"1447\" data-end=\"1483\">Diamond texture \/ geometric design<\/p>\n<\/li>\n<li data-start=\"1484\" data-end=\"1512\">\n<p data-start=\"1486\" data-end=\"1512\">Compact yet stylish look<\/p>\n<\/li>\n<li data-start=\"1513\" data-end=\"1556\">\n<p data-start=\"1515\" data-end=\"1556\">Table, shelf &amp; desk d\u00e9cor-\u098f\u09b0 \u099c\u09a8\u09cd\u09af ideal<\/p>\n<\/li>\n<li data-start=\"1557\" data-end=\"1597\">\n<p data-start=\"1559\" data-end=\"1597\"><strong data-start=\"1559\" data-end=\"1595\">Available in attractive colors<\/strong><\/p>\n<\/li>\n<li data-start=\"1598\" data-end=\"1637\">\n<p data-start=\"1600\" data-end=\"1637\">Perfect for gifting &amp; modern interior<\/p>\n<\/li>\n<\/ul>\n<hr data-start=\"1639\" data-end=\"1642\" \/>\n<ul data-start=\"1668\" data-end=\"1970\">\n<li data-start=\"1668\" data-end=\"1712\">\n<p data-start=\"1670\" data-end=\"1712\"><strong data-start=\"1670\" data-end=\"1687\">Product Type:<\/strong> Decorative Flower Vase<\/p>\n<\/li>\n<li data-start=\"1713\" data-end=\"1737\">\n<p data-start=\"1715\" data-end=\"1737\"><strong data-start=\"1715\" data-end=\"1728\">Material:<\/strong> Gypsum<\/p>\n<\/li>\n<li data-start=\"1738\" data-end=\"1789\">\n<p data-start=\"1740\" data-end=\"1789\"><strong data-start=\"1740\" data-end=\"1751\">Design:<\/strong> Diamond texture \/ geometric pattern<\/p>\n<\/li>\n<li data-start=\"1790\" data-end=\"1821\">\n<p data-start=\"1792\" data-end=\"1821\"><strong data-start=\"1792\" data-end=\"1802\">Style:<\/strong> Modern \/ Minimal<\/p>\n<\/li>\n<li data-start=\"1859\" data-end=\"1896\">\n<p data-start=\"1861\" data-end=\"1896\"><strong data-start=\"1861\" data-end=\"1869\">Use:<\/strong> Table, shelf, desk d\u00e9cor<\/p>\n<\/li>\n<li data-start=\"1897\" data-end=\"1938\">\n<p data-start=\"1899\" data-end=\"1938\"><strong data-start=\"1899\" data-end=\"1920\">Package Includes:<\/strong> 1 \u00d7 Gypsum Vase<\/p>\n<\/li>\n<li data-start=\"1939\" data-end=\"1970\">\n<p data-start=\"1941\" data-end=\"1970\"><strong data-start=\"1941\" data-end=\"1950\">Note:<\/strong> Flower not included<\/p>\n<\/li>\n<\/ul>\n","protected":false},"excerpt":{"rendered":"<p>\u098f\u0987 <strong data-start=\"712\" data-end=\"750\">Gypsum Diamond Texture Flower Vase<\/strong> \u0986\u09aa\u09a8\u09be\u09b0 \u0998\u09b0\u09c7\u09b0 d\u00e9cor-\u098f \u09af\u09cb\u0997 \u0995\u09b0\u09ac\u09c7 \u098f\u0995\u099f\u09bf <strong data-start=\"784\" data-end=\"819\">modern, colorful &amp; stylish look<\/strong>\u0964<br data-start=\"820\" data-end=\"823\" \/>Table d\u00e9cor, shelf d\u00e9cor \u09ac\u09be office desk\u2014\u09b8\u09ac \u099c\u09be\u09df\u0997\u09be\u09b0 \u099c\u09a8\u09cd\u09af perfect\u0964<\/p>\n","protected":false},"featured_media":29945,"comment_status":"open","ping_status":"closed","template":"","meta":[],"product_brand":[190,208],"product_cat":[217,205,209,207,216,204],"product_tag":[],"class_list":{"0":"post-29934","1":"product","2":"type-product","3":"status-publish","4":"has-post-thumbnail","6":"product_brand-deal-point-xyz","7":"product_brand-swapnochoya","8":"product_cat-decorative-vase","9":"product_cat-flower-vase","10":"product_cat-gypsum","11":"product_cat-handmade-craft-items","12":"product_cat-home-living","13":"product_cat-home-decor","15":"first","16":"instock","17":"sale","18":"shipping-taxable","19":"purchasable","20":"product-type-variable"},"_links":{"self":[{"href":"https:\/\/dealpointxyz.store\/index.php?rest_route=\/wp\/v2\/product\/29934","targetHints":{"allow":["GET"]}}],"collection":[{"href":"https:\/\/dealpointxyz.store\/index.php?rest_route=\/wp\/v2\/product"}],"about":[{"href":"https:\/\/dealpointxyz.store\/index.php?rest_route=\/wp\/v2\/types\/product"}],"replies":[{"embeddable":true,"href":"https:\/\/dealpointxyz.store\/index.php?rest_route=%2Fwp%2Fv2%2Fcomments&post=29934"}],"version-history":[{"count":1,"href":"https:\/\/dealpointxyz.store\/index.php?rest_route=\/wp\/v2\/product\/29934\/revisions"}],"predecessor-version":[{"id":29959,"href":"https:\/\/dealpointxyz.store\/index.php?rest_route=\/wp\/v2\/product\/29934\/revisions\/29959"}],"wp:featuredmedia":[{"embeddable":true,"href":"https:\/\/dealpointxyz.store\/index.php?rest_route=\/wp\/v2\/media\/29945"}],"wp:attachment":[{"href":"https:\/\/dealpointxyz.store\/index.php?rest_route=%2Fwp%2Fv2%2Fmedia&parent=29934"}],"wp:term":[{"taxonomy":"product_brand","embeddable":true,"href":"https:\/\/dealpointxyz.store\/index.php?rest_route=%2Fwp%2Fv2%2Fproduct_brand&post=29934"},{"taxonomy":"product_cat","embeddable":true,"href":"https:\/\/dealpointxyz.store\/index.php?rest_route=%2Fwp%2Fv2%2Fproduct_cat&post=29934"},{"taxonomy":"product_tag","embeddable":true,"href":"https:\/\/dealpointxyz.store\/index.php?rest_route=%2Fwp%2Fv2%2Fproduct_tag&post=29934"}],"curies":[{"name":"wp","href":"https:\/\/api.w.org\/{rel}","templated":true}]}}