{"id":29759,"date":"2026-02-21T02:48:24","date_gmt":"2026-02-21T02:48:24","guid":{"rendered":"https:\/\/dealpointxyz.com\/?post_type=product&#038;p=29759"},"modified":"2026-03-07T03:21:51","modified_gmt":"2026-03-07T03:21:51","slug":"origami-flower-vase","status":"publish","type":"product","link":"https:\/\/dealpointxyz.store\/?product=origami-flower-vase","title":{"rendered":"Origami Flower Vase 001"},"content":{"rendered":"<p data-start=\"910\" data-end=\"1112\"><strong data-start=\"913\" data-end=\"943\">Gypsum Origami Flower Vase<\/strong> \u09a4\u09c8\u09b0\u09bf \u0995\u09b0\u09be \u09b9\u09df\u09c7\u099b\u09c7 premium quality gypsum \u09a6\u09bf\u09df\u09c7, \u09af\u09be \u09a6\u09c7\u0996\u09a4\u09c7 smooth \u098f\u09ac\u0982 strong\u0964<br data-start=\"1015\" data-end=\"1018\" \/>\u098f\u09b0 geometric origami-inspired design \u0998\u09b0\u09c7\u09b0 d\u00e9cor-\u098f \u098f\u09a8\u09c7 \u09a6\u09c7\u09df \u098f\u0995\u099f\u09bf <strong data-start=\"1081\" data-end=\"1111\">unique &amp; contemporary feel<\/strong>\u0964<\/p>\n<p data-start=\"1114\" data-end=\"1286\">Fresh flower, artificial flower \u09ac\u09be dried flower\u2014\u09b8\u09ac \u09a7\u09b0\u09a8\u09c7\u09b0 \u09ab\u09c1\u09b2\u09c7\u09b0 \u09b8\u09be\u09a5\u09c7\u0987 \u09ac\u09cd\u09af\u09ac\u09b9\u09be\u09b0 \u0995\u09b0\u09be \u09af\u09be\u09df\u0964<br data-start=\"1199\" data-end=\"1202\" \/>\u0986\u09ac\u09be\u09b0 \u099a\u09be\u0987\u09b2\u09c7 <strong data-start=\"1213\" data-end=\"1231\">without flower<\/strong> \u09b6\u09c1\u09a7\u09c1\u0987 \u098f\u0995\u099f\u09bf eye-catching d\u00e9cor piece \u09b9\u09bf\u09b8\u09c7\u09ac\u09c7\u0993 \u09b0\u09be\u0996\u09be \u09af\u09be\u09ac\u09c7\u0964<\/p>\n<p data-start=\"1288\" data-end=\"1386\">Home d\u00e9cor, office d\u00e9cor, caf\u00e9 decoration \u0995\u09bf\u0982\u09ac\u09be gift purpose\u2014\u09b8\u09ac \u0995\u09cd\u09b7\u09c7\u09a4\u09cd\u09b0\u09c7\u0987 \u098f\u099f\u09bf \u098f\u0995\u099f\u09bf stylish option\u0964<\/p>\n<hr data-start=\"1388\" data-end=\"1391\" \/>\n<ul data-start=\"1410\" data-end=\"1647\">\n<li data-start=\"1410\" data-end=\"1451\">\n<p data-start=\"1412\" data-end=\"1451\">Made from premium <strong data-start=\"1430\" data-end=\"1449\">Gypsum material<\/strong><\/p>\n<\/li>\n<li data-start=\"1452\" data-end=\"1489\">\n<p data-start=\"1454\" data-end=\"1489\">Origami \/ geometric modern design<\/p>\n<\/li>\n<li data-start=\"1490\" data-end=\"1522\">\n<p data-start=\"1492\" data-end=\"1522\">Artistic &amp; eye-catching look<\/p>\n<\/li>\n<li data-start=\"1523\" data-end=\"1566\">\n<p data-start=\"1525\" data-end=\"1566\">Home, office &amp; caf\u00e9 d\u00e9cor-\u098f\u09b0 \u099c\u09a8\u09cd\u09af ideal<\/p>\n<\/li>\n<li data-start=\"1567\" data-end=\"1607\">\n<p data-start=\"1569\" data-end=\"1607\"><strong data-start=\"1569\" data-end=\"1605\">Available in 9 attractive colors<\/strong><\/p>\n<\/li>\n<li data-start=\"1608\" data-end=\"1647\">\n<p data-start=\"1610\" data-end=\"1647\">Perfect for gifting &amp; modern interior<\/p>\n<\/li>\n<\/ul>\n<hr data-start=\"1649\" data-end=\"1652\" \/>\n<ul data-start=\"1678\" data-end=\"1973\">\n<li data-start=\"1678\" data-end=\"1722\">\n<p data-start=\"1680\" data-end=\"1722\"><strong data-start=\"1680\" data-end=\"1697\">Product Type:<\/strong> Decorative Flower Vase<\/p>\n<\/li>\n<li data-start=\"1723\" data-end=\"1747\">\n<p data-start=\"1725\" data-end=\"1747\"><strong data-start=\"1725\" data-end=\"1738\">Material:<\/strong> Gypsum<\/p>\n<\/li>\n<li data-start=\"1748\" data-end=\"1791\">\n<p data-start=\"1750\" data-end=\"1791\"><strong data-start=\"1750\" data-end=\"1761\">Design:<\/strong> Origami \/ Geometric texture<\/p>\n<\/li>\n<li data-start=\"1792\" data-end=\"1828\">\n<p data-start=\"1794\" data-end=\"1828\"><strong data-start=\"1794\" data-end=\"1804\">Style:<\/strong> Modern \/ Contemporary<\/p>\n<\/li>\n<li data-start=\"1829\" data-end=\"1859\">\n<p data-start=\"1831\" data-end=\"1859\"><strong data-start=\"1831\" data-end=\"1840\">Size:<\/strong> Medium (Approx.)<\/p>\n<\/li>\n<li data-start=\"1860\" data-end=\"1899\">\n<p data-start=\"1862\" data-end=\"1899\"><strong data-start=\"1862\" data-end=\"1870\">Use:<\/strong> Table, shelf, corner d\u00e9cor<\/p>\n<\/li>\n<li data-start=\"1900\" data-end=\"1941\">\n<p data-start=\"1902\" data-end=\"1941\"><strong data-start=\"1902\" data-end=\"1923\">Package Includes:<\/strong> 1 \u00d7 Gypsum Vase<\/p>\n<\/li>\n<li data-start=\"1942\" data-end=\"1973\">\n<p data-start=\"1944\" data-end=\"1973\"><strong data-start=\"1944\" data-end=\"1953\">Note:<\/strong> Flower not included<\/p>\n<\/li>\n<\/ul>\n<hr data-start=\"1975\" data-end=\"1978\" \/>\n<ul data-start=\"2012\" data-end=\"2117\">\n<li data-start=\"2012\" data-end=\"2117\">\n<p data-start=\"2014\" data-end=\"2117\"><strong data-start=\"2014\" data-end=\"2024\">Color:<\/strong><br data-start=\"2024\" data-end=\"2027\" \/>\u2714 Available in attractive colors<br data-start=\"2063\" data-end=\"2066\" \/><em data-start=\"2068\" data-end=\"2117\">(Color shown visually, no color name displayed)<\/em><\/p>\n<\/li>\n<\/ul>\n","protected":false},"excerpt":{"rendered":"<p><strong data-start=\"677\" data-end=\"707\">Gypsum Origami Flower Vase<\/strong> \u0986\u09aa\u09a8\u09be\u09b0 \u0998\u09b0\u09c7\u09b0 d\u00e9cor-\u098f \u09af\u09cb\u0997 \u0995\u09b0\u09ac\u09c7 \u098f\u0995\u099f\u09bf <strong data-start=\"741\" data-end=\"777\">modern, artistic &amp; colorful look<\/strong>\u0964<br data-start=\"778\" data-end=\"781\" \/>Living room, bedroom \u0995\u09bf\u0982\u09ac\u09be office d\u00e9cor\u2014\u09b8\u09ac \u099c\u09be\u09df\u0997\u09be\u09b0 \u099c\u09a8\u09cd\u09af perfect choice\u0964<\/p>\n","protected":false},"featured_media":29769,"comment_status":"open","ping_status":"closed","template":"","meta":[],"product_brand":[190,208],"product_cat":[217,205,209,207,216,204],"product_tag":[],"class_list":{"0":"post-29759","1":"product","2":"type-product","3":"status-publish","4":"has-post-thumbnail","6":"product_brand-deal-point-xyz","7":"product_brand-swapnochoya","8":"product_cat-decorative-vase","9":"product_cat-flower-vase","10":"product_cat-gypsum","11":"product_cat-handmade-craft-items","12":"product_cat-home-living","13":"product_cat-home-decor","14":"product_shipping_class-dhaka-60-tk-out-dhaka-130","16":"first","17":"instock","18":"shipping-taxable","19":"purchasable","20":"product-type-variable"},"_links":{"self":[{"href":"https:\/\/dealpointxyz.store\/index.php?rest_route=\/wp\/v2\/product\/29759","targetHints":{"allow":["GET"]}}],"collection":[{"href":"https:\/\/dealpointxyz.store\/index.php?rest_route=\/wp\/v2\/product"}],"about":[{"href":"https:\/\/dealpointxyz.store\/index.php?rest_route=\/wp\/v2\/types\/product"}],"replies":[{"embeddable":true,"href":"https:\/\/dealpointxyz.store\/index.php?rest_route=%2Fwp%2Fv2%2Fcomments&post=29759"}],"version-history":[{"count":4,"href":"https:\/\/dealpointxyz.store\/index.php?rest_route=\/wp\/v2\/product\/29759\/revisions"}],"predecessor-version":[{"id":29933,"href":"https:\/\/dealpointxyz.store\/index.php?rest_route=\/wp\/v2\/product\/29759\/revisions\/29933"}],"wp:featuredmedia":[{"embeddable":true,"href":"https:\/\/dealpointxyz.store\/index.php?rest_route=\/wp\/v2\/media\/29769"}],"wp:attachment":[{"href":"https:\/\/dealpointxyz.store\/index.php?rest_route=%2Fwp%2Fv2%2Fmedia&parent=29759"}],"wp:term":[{"taxonomy":"product_brand","embeddable":true,"href":"https:\/\/dealpointxyz.store\/index.php?rest_route=%2Fwp%2Fv2%2Fproduct_brand&post=29759"},{"taxonomy":"product_cat","embeddable":true,"href":"https:\/\/dealpointxyz.store\/index.php?rest_route=%2Fwp%2Fv2%2Fproduct_cat&post=29759"},{"taxonomy":"product_tag","embeddable":true,"href":"https:\/\/dealpointxyz.store\/index.php?rest_route=%2Fwp%2Fv2%2Fproduct_tag&post=29759"}],"curies":[{"name":"wp","href":"https:\/\/api.w.org\/{rel}","templated":true}]}}